{"id":1262,"date":"2025-09-12T10:02:26","date_gmt":"2025-09-12T07:02:26","guid":{"rendered":"https:\/\/crickies.lt\/cart\/"},"modified":"2025-10-15T20:04:35","modified_gmt":"2025-10-15T17:04:35","slug":"cart","status":"publish","type":"page","link":"https:\/\/crickies.lt\/en\/cart\/","title":{"rendered":"Cart"},"content":{"rendered":"\t\t<div data-elementor-type=\"wp-page\" data-elementor-id=\"1262\" class=\"elementor elementor-1262 elementor-92\" data-elementor-post-type=\"page\">\n\t\t\t\t<div class=\"elementor-element elementor-element-6dc01e20 e-flex e-con-boxed e-con e-parent\" data-id=\"6dc01e20\" data-element_type=\"container\">\n\t\t\t\t\t<div class=\"e-con-inner\">\n\t\t\t\t\t<\/div>\n\t\t\t\t<\/div>\n\t\t\t\t<\/div>\n\t\t","protected":false},"excerpt":{"rendered":"<p>Pa\u0161alinti prek\u0119 Miniati\u016bra Produktas Kaina Kiekis Suma &times; CRICKIES d\u017eiovinti svirpliai Thai skonio 4,29&nbsp;&euro; produkto kiekis: CRICKIES d\u017eiovinti svirpliai Thai skonio&nbsp; 12,87&nbsp;&euro; Apply coupon Total Suma 12,87&nbsp;&euro; Viso 12,87&nbsp;&euro; (\u012fskai\u010diuota 2,23&nbsp;&euro; PVM) Pay<\/p>\n","protected":false},"author":1,"featured_media":0,"parent":0,"menu_order":0,"comment_status":"closed","ping_status":"closed","template":"","meta":{"_acf_changed":false,"inline_featured_image":false,"footnotes":""},"class_list":["post-1262","page","type-page","status-publish","hentry"],"acf":[],"yoast_head":"<!-- This site is optimized with the Yoast SEO plugin v27.1.1 - https:\/\/yoast.com\/product\/yoast-seo-wordpress\/ -->\n<title>Cart - Crickies<\/title>\n<meta name=\"robots\" content=\"index, follow, max-snippet:-1, max-image-preview:large, max-video-preview:-1\" \/>\n<link rel=\"canonical\" href=\"https:\/\/crickies.lt\/en\/cart\/\" \/>\n<meta property=\"og:locale\" content=\"en_US\" \/>\n<meta property=\"og:type\" content=\"article\" \/>\n<meta property=\"og:title\" content=\"Cart - Crickies\" \/>\n<meta property=\"og:description\" content=\"Pa\u0161alinti prek\u0119 Miniati\u016bra Produktas Kaina Kiekis Suma &times; CRICKIES d\u017eiovinti svirpliai Thai skonio 4,29&nbsp;&euro; produkto kiekis: CRICKIES d\u017eiovinti svirpliai Thai skonio&nbsp; 12,87&nbsp;&euro; Apply coupon Total Suma 12,87&nbsp;&euro; Viso 12,87&nbsp;&euro; (\u012fskai\u010diuota 2,23&nbsp;&euro; PVM) Pay\" \/>\n<meta property=\"og:url\" content=\"https:\/\/crickies.lt\/en\/cart\/\" \/>\n<meta property=\"og:site_name\" content=\"Crickies\" \/>\n<meta property=\"article:modified_time\" content=\"2025-10-15T17:04:35+00:00\" \/>\n<meta property=\"og:image\" content=\"https:\/\/crickies.lt\/wp-content\/uploads\/2025\/09\/crickies-ps-1-300x300.png\" \/>\n<meta name=\"twitter:card\" content=\"summary_large_image\" \/>\n<script type=\"application\/ld+json\" class=\"yoast-schema-graph\">{\"@context\":\"https:\/\/schema.org\",\"@graph\":[{\"@type\":\"WebPage\",\"@id\":\"https:\/\/crickies.lt\/en\/cart\/\",\"url\":\"https:\/\/crickies.lt\/en\/cart\/\",\"name\":\"Cart - Crickies\",\"isPartOf\":{\"@id\":\"https:\/\/crickies.lt\/en\/#website\"},\"primaryImageOfPage\":{\"@id\":\"https:\/\/crickies.lt\/en\/cart\/#primaryimage\"},\"image\":{\"@id\":\"https:\/\/crickies.lt\/en\/cart\/#primaryimage\"},\"thumbnailUrl\":\"https:\/\/crickies.lt\/wp-content\/uploads\/2025\/09\/crickies-ps-1-300x300.png\",\"datePublished\":\"2025-09-12T07:02:26+00:00\",\"dateModified\":\"2025-10-15T17:04:35+00:00\",\"breadcrumb\":{\"@id\":\"https:\/\/crickies.lt\/en\/cart\/#breadcrumb\"},\"inLanguage\":\"en-US\",\"potentialAction\":[{\"@type\":\"ReadAction\",\"target\":[\"https:\/\/crickies.lt\/en\/cart\/\"]}]},{\"@type\":\"ImageObject\",\"inLanguage\":\"en-US\",\"@id\":\"https:\/\/crickies.lt\/en\/cart\/#primaryimage\",\"url\":\"https:\/\/crickies.lt\/wp-content\/uploads\/2025\/09\/crickies-ps-1-300x300.png\",\"contentUrl\":\"https:\/\/crickies.lt\/wp-content\/uploads\/2025\/09\/crickies-ps-1-300x300.png\"},{\"@type\":\"BreadcrumbList\",\"@id\":\"https:\/\/crickies.lt\/en\/cart\/#breadcrumb\",\"itemListElement\":[{\"@type\":\"ListItem\",\"position\":1,\"name\":\"Home\",\"item\":\"https:\/\/crickies.lt\/en\/\"},{\"@type\":\"ListItem\",\"position\":2,\"name\":\"Cart\"}]},{\"@type\":\"WebSite\",\"@id\":\"https:\/\/crickies.lt\/en\/#website\",\"url\":\"https:\/\/crickies.lt\/en\/\",\"name\":\"Crickies\",\"description\":\"\",\"publisher\":{\"@id\":\"https:\/\/crickies.lt\/en\/#organization\"},\"potentialAction\":[{\"@type\":\"SearchAction\",\"target\":{\"@type\":\"EntryPoint\",\"urlTemplate\":\"https:\/\/crickies.lt\/en\/?s={search_term_string}\"},\"query-input\":{\"@type\":\"PropertyValueSpecification\",\"valueRequired\":true,\"valueName\":\"search_term_string\"}}],\"inLanguage\":\"en-US\"},{\"@type\":\"Organization\",\"@id\":\"https:\/\/crickies.lt\/en\/#organization\",\"name\":\"Crickies\",\"url\":\"https:\/\/crickies.lt\/en\/\",\"logo\":{\"@type\":\"ImageObject\",\"inLanguage\":\"en-US\",\"@id\":\"https:\/\/crickies.lt\/en\/#\/schema\/logo\/image\/\",\"url\":\"https:\/\/crickies.lt\/wp-content\/uploads\/2025\/08\/crickies-favicon.png\",\"contentUrl\":\"https:\/\/crickies.lt\/wp-content\/uploads\/2025\/08\/crickies-favicon.png\",\"width\":481,\"height\":481,\"caption\":\"Crickies\"},\"image\":{\"@id\":\"https:\/\/crickies.lt\/en\/#\/schema\/logo\/image\/\"}}]}<\/script>\n<!-- \/ Yoast SEO plugin. -->","yoast_head_json":{"title":"Cart - Crickies","robots":{"index":"index","follow":"follow","max-snippet":"max-snippet:-1","max-image-preview":"max-image-preview:large","max-video-preview":"max-video-preview:-1"},"canonical":"https:\/\/crickies.lt\/en\/cart\/","og_locale":"en_US","og_type":"article","og_title":"Cart - Crickies","og_description":"Pa\u0161alinti prek\u0119 Miniati\u016bra Produktas Kaina Kiekis Suma &times; CRICKIES d\u017eiovinti svirpliai Thai skonio 4,29&nbsp;&euro; produkto kiekis: CRICKIES d\u017eiovinti svirpliai Thai skonio&nbsp; 12,87&nbsp;&euro; Apply coupon Total Suma 12,87&nbsp;&euro; Viso 12,87&nbsp;&euro; (\u012fskai\u010diuota 2,23&nbsp;&euro; PVM) Pay","og_url":"https:\/\/crickies.lt\/en\/cart\/","og_site_name":"Crickies","article_modified_time":"2025-10-15T17:04:35+00:00","og_image":[{"url":"https:\/\/crickies.lt\/wp-content\/uploads\/2025\/09\/crickies-ps-1-300x300.png","type":"","width":"","height":""}],"twitter_card":"summary_large_image","schema":{"@context":"https:\/\/schema.org","@graph":[{"@type":"WebPage","@id":"https:\/\/crickies.lt\/en\/cart\/","url":"https:\/\/crickies.lt\/en\/cart\/","name":"Cart - Crickies","isPartOf":{"@id":"https:\/\/crickies.lt\/en\/#website"},"primaryImageOfPage":{"@id":"https:\/\/crickies.lt\/en\/cart\/#primaryimage"},"image":{"@id":"https:\/\/crickies.lt\/en\/cart\/#primaryimage"},"thumbnailUrl":"https:\/\/crickies.lt\/wp-content\/uploads\/2025\/09\/crickies-ps-1-300x300.png","datePublished":"2025-09-12T07:02:26+00:00","dateModified":"2025-10-15T17:04:35+00:00","breadcrumb":{"@id":"https:\/\/crickies.lt\/en\/cart\/#breadcrumb"},"inLanguage":"en-US","potentialAction":[{"@type":"ReadAction","target":["https:\/\/crickies.lt\/en\/cart\/"]}]},{"@type":"ImageObject","inLanguage":"en-US","@id":"https:\/\/crickies.lt\/en\/cart\/#primaryimage","url":"https:\/\/crickies.lt\/wp-content\/uploads\/2025\/09\/crickies-ps-1-300x300.png","contentUrl":"https:\/\/crickies.lt\/wp-content\/uploads\/2025\/09\/crickies-ps-1-300x300.png"},{"@type":"BreadcrumbList","@id":"https:\/\/crickies.lt\/en\/cart\/#breadcrumb","itemListElement":[{"@type":"ListItem","position":1,"name":"Home","item":"https:\/\/crickies.lt\/en\/"},{"@type":"ListItem","position":2,"name":"Cart"}]},{"@type":"WebSite","@id":"https:\/\/crickies.lt\/en\/#website","url":"https:\/\/crickies.lt\/en\/","name":"Crickies","description":"","publisher":{"@id":"https:\/\/crickies.lt\/en\/#organization"},"potentialAction":[{"@type":"SearchAction","target":{"@type":"EntryPoint","urlTemplate":"https:\/\/crickies.lt\/en\/?s={search_term_string}"},"query-input":{"@type":"PropertyValueSpecification","valueRequired":true,"valueName":"search_term_string"}}],"inLanguage":"en-US"},{"@type":"Organization","@id":"https:\/\/crickies.lt\/en\/#organization","name":"Crickies","url":"https:\/\/crickies.lt\/en\/","logo":{"@type":"ImageObject","inLanguage":"en-US","@id":"https:\/\/crickies.lt\/en\/#\/schema\/logo\/image\/","url":"https:\/\/crickies.lt\/wp-content\/uploads\/2025\/08\/crickies-favicon.png","contentUrl":"https:\/\/crickies.lt\/wp-content\/uploads\/2025\/08\/crickies-favicon.png","width":481,"height":481,"caption":"Crickies"},"image":{"@id":"https:\/\/crickies.lt\/en\/#\/schema\/logo\/image\/"}}]}},"_links":{"self":[{"href":"https:\/\/crickies.lt\/en\/wp-json\/wp\/v2\/pages\/1262","targetHints":{"allow":["GET"]}}],"collection":[{"href":"https:\/\/crickies.lt\/en\/wp-json\/wp\/v2\/pages"}],"about":[{"href":"https:\/\/crickies.lt\/en\/wp-json\/wp\/v2\/types\/page"}],"author":[{"embeddable":true,"href":"https:\/\/crickies.lt\/en\/wp-json\/wp\/v2\/users\/1"}],"replies":[{"embeddable":true,"href":"https:\/\/crickies.lt\/en\/wp-json\/wp\/v2\/comments?post=1262"}],"version-history":[{"count":3,"href":"https:\/\/crickies.lt\/en\/wp-json\/wp\/v2\/pages\/1262\/revisions"}],"predecessor-version":[{"id":1799,"href":"https:\/\/crickies.lt\/en\/wp-json\/wp\/v2\/pages\/1262\/revisions\/1799"}],"wp:attachment":[{"href":"https:\/\/crickies.lt\/en\/wp-json\/wp\/v2\/media?parent=1262"}],"curies":[{"name":"wp","href":"https:\/\/api.w.org\/{rel}","templated":true}]}}